{"id":996,"date":"2022-02-08T18:07:26","date_gmt":"2022-02-08T18:07:26","guid":{"rendered":"https:\/\/redalforja.org.gt\/mediateca\/?page_id=996"},"modified":"2022-06-25T06:51:12","modified_gmt":"2022-06-25T06:51:12","slug":"repositorio-de-materiales-2","status":"publish","type":"page","link":"https:\/\/redalforja.org.gt\/mediateca\/repositorio-de-materiales-2\/","title":{"rendered":"Recursos para la formaci\u00f3n y Comunicaci\u00f3n"},"content":{"rendered":"\n<p>En este espacio iremos colocando diversos materiales con contenidos afines a nuestras luchas y proceso para su descarga.&nbsp;<\/p>\n\n\n\n<figure class=\"wp-block-image is-resized\"><img decoding=\"async\" loading=\"lazy\" src=\"https:\/\/redalforja.org.gt\/mediateca\/wp-content\/uploads\/2022\/02\/texto.png\" alt=\"\" class=\"wp-image-998\" width=\"145\" height=\"145\" srcset=\"https:\/\/redalforja.org.gt\/mediateca\/wp-content\/uploads\/2022\/02\/texto.png 512w, https:\/\/redalforja.org.gt\/mediateca\/wp-content\/uploads\/2022\/02\/texto-150x150.png 150w, https:\/\/redalforja.org.gt\/mediateca\/wp-content\/uploads\/2022\/02\/texto-300x300.png 300w, https:\/\/redalforja.org.gt\/mediateca\/wp-content\/uploads\/2022\/02\/texto-180x180.png 180w, https:\/\/redalforja.org.gt\/mediateca\/wp-content\/uploads\/2022\/02\/texto-60x60.png 60w\" sizes=\"(max-width: 145px) 100vw, 145px\" \/><figcaption><a href=\"https:\/\/redalforja.org.gt\/mediateca\/Material texto\">Textos<\/a><\/figcaption><\/figure>\n\n\n\n<figure class=\"wp-block-image is-resized\"><img decoding=\"async\" loading=\"lazy\" src=\"https:\/\/redalforja.org.gt\/mediateca\/wp-content\/uploads\/2022\/02\/herramienta.jpg\" alt=\"\" class=\"wp-image-999\" width=\"162\" height=\"162\" srcset=\"https:\/\/redalforja.org.gt\/mediateca\/wp-content\/uploads\/2022\/02\/herramienta.jpg 612w, https:\/\/redalforja.org.gt\/mediateca\/wp-content\/uploads\/2022\/02\/herramienta-150x150.jpg 150w, https:\/\/redalforja.org.gt\/mediateca\/wp-content\/uploads\/2022\/02\/herramienta-300x300.jpg 300w, https:\/\/redalforja.org.gt\/mediateca\/wp-content\/uploads\/2022\/02\/herramienta-180x180.jpg 180w, https:\/\/redalforja.org.gt\/mediateca\/wp-content\/uploads\/2022\/02\/herramienta-60x60.jpg 60w\" sizes=\"(max-width: 162px) 100vw, 162px\" \/><figcaption><a href=\"https:\/\/redalforja.org.gt\/mediateca\/Herramientas Colaborativas\">Herramientas Colaborativas<\/a><\/figcaption><\/figure>\n\n\n\n<figure class=\"wp-block-image is-resized\"><img decoding=\"async\" loading=\"lazy\" src=\"https:\/\/redalforja.org.gt\/mediateca\/wp-content\/uploads\/2022\/02\/video-audio.png\" alt=\"\" class=\"wp-image-1008\" width=\"145\" height=\"145\" srcset=\"https:\/\/redalforja.org.gt\/mediateca\/wp-content\/uploads\/2022\/02\/video-audio.png 360w, https:\/\/redalforja.org.gt\/mediateca\/wp-content\/uploads\/2022\/02\/video-audio-150x150.png 150w, https:\/\/redalforja.org.gt\/mediateca\/wp-content\/uploads\/2022\/02\/video-audio-300x300.png 300w, https:\/\/redalforja.org.gt\/mediateca\/wp-content\/uploads\/2022\/02\/video-audio-180x180.png 180w, https:\/\/redalforja.org.gt\/mediateca\/wp-content\/uploads\/2022\/02\/video-audio-60x60.png 60w\" sizes=\"(max-width: 145px) 100vw, 145px\" \/><figcaption><a href=\"https:\/\/redalforja.org.gt\/mediateca\/Audio y video\">Ligas a videos y audios<\/a><\/figcaption><\/figure>\n\n\n\n<figure class=\"wp-block-image is-resized\"><img decoding=\"async\" loading=\"lazy\" src=\"https:\/\/redalforja.org.gt\/mediateca\/wp-content\/uploads\/2022\/02\/VIDEOS.png\" alt=\"\" class=\"wp-image-1054\" width=\"113\" height=\"148\"\/><figcaption><a href=\"https:\/\/redalforja.org.gt\/mediateca\/peliculas\/\" target=\"_blank\" rel=\"noreferrer noopener\" aria-label=\"Pel\u00edculas an\u00e1lisis (abre en una nueva pesta\u00f1a)\">Pel\u00edculas an\u00e1lisis<\/a><\/figcaption><\/figure>\n\n\n\n<figure class=\"wp-block-image is-resized\"><img decoding=\"async\" loading=\"lazy\" src=\"https:\/\/redalforja.org.gt\/mediateca\/wp-content\/uploads\/2022\/02\/1.LIBROS.jpeg\" alt=\"\" class=\"wp-image-1064\" width=\"101\" height=\"132\" srcset=\"https:\/\/redalforja.org.gt\/mediateca\/wp-content\/uploads\/2022\/02\/1.LIBROS.jpeg 429w, https:\/\/redalforja.org.gt\/mediateca\/wp-content\/uploads\/2022\/02\/1.LIBROS-227x300.jpeg 227w\" sizes=\"(max-width: 101px) 100vw, 101px\" \/><figcaption><a rel=\"noreferrer noopener\" aria-label=\"T\u00e9cnicas pedag\u00f3gicas virtuales (abre en una nueva pesta\u00f1a)\" href=\"https:\/\/redalforja.org.gt\/mediateca\/tecnicas-pedagogicas\/\" target=\"_blank\">T\u00e9cnicas pedag\u00f3gicas <\/a>v<a rel=\"noreferrer noopener\" aria-label=\"T\u00e9cnicas pedag\u00f3gicas virtuales (abre en una nueva pesta\u00f1a)\" href=\"https:\/\/redalforja.org.gt\/mediateca\/tecnicas-pedagogicas\/\" target=\"_blank\">irtuales<\/a><\/figcaption><\/figure>\n\n\n\n<figure class=\"wp-block-image is-resized\"><img decoding=\"async\" loading=\"lazy\" src=\"https:\/\/redalforja.org.gt\/mediateca\/wp-content\/uploads\/2022\/06\/solida.jpg\" alt=\"\" class=\"wp-image-1241\" width=\"126\" height=\"165\"\/><figcaption><a href=\"https:\/\/redalforja.org.gt\/mediateca\/foro\">Foro Permanente de Solidaridad<\/a><\/figcaption><\/figure>\n\n\n\n<figure class=\"wp-block-image is-resized\"><img decoding=\"async\" loading=\"lazy\" src=\"https:\/\/redalforja.org.gt\/mediateca\/wp-content\/uploads\/2022\/06\/images-1.jpg\" alt=\"\" class=\"wp-image-1251\" width=\"137\" height=\"145\"\/><figcaption><a href=\"https:\/\/redalforja.org.gt\/mediateca\/historias-comunes\/\">Historias Comunes<\/a><\/figcaption><\/figure>\n\n\n\n<figure class=\"wp-block-image is-resized\"><img decoding=\"async\" loading=\"lazy\" src=\"https:\/\/redalforja.org.gt\/mediateca\/wp-content\/uploads\/2022\/06\/WhatsApp-Image-2022-06-24-at-4.31.26-PM.jpeg\" alt=\"\" class=\"wp-image-1274\" width=\"153\" height=\"100\" srcset=\"https:\/\/redalforja.org.gt\/mediateca\/wp-content\/uploads\/2022\/06\/WhatsApp-Image-2022-06-24-at-4.31.26-PM.jpeg 1098w, https:\/\/redalforja.org.gt\/mediateca\/wp-content\/uploads\/2022\/06\/WhatsApp-Image-2022-06-24-at-4.31.26-PM-300x197.jpeg 300w, https:\/\/redalforja.org.gt\/mediateca\/wp-content\/uploads\/2022\/06\/WhatsApp-Image-2022-06-24-at-4.31.26-PM-768x504.jpeg 768w, https:\/\/redalforja.org.gt\/mediateca\/wp-content\/uploads\/2022\/06\/WhatsApp-Image-2022-06-24-at-4.31.26-PM-1024x671.jpeg 1024w, https:\/\/redalforja.org.gt\/mediateca\/wp-content\/uploads\/2022\/06\/WhatsApp-Image-2022-06-24-at-4.31.26-PM-624x409.jpeg 624w\" sizes=\"(max-width: 153px) 100vw, 153px\" \/><figcaption><a href=\"https:\/\/redalforja.org.gt\/mediateca\/musicas-de-historias-comunes\/\">M\u00fasicas de Historias Comunes\u00a0<\/a><\/figcaption><\/figure>\n","protected":false},"excerpt":{"rendered":"<p>En este espacio iremos colocando diversos materiales con contenidos afines a nuestras luchas y proceso para su descarga.&nbsp;<\/p>\n","protected":false},"author":3,"featured_media":0,"parent":0,"menu_order":0,"comment_status":"closed","ping_status":"closed","template":"","meta":[],"post_mailing_queue_ids":[],"_links":{"self":[{"href":"https:\/\/redalforja.org.gt\/mediateca\/wp-json\/wp\/v2\/pages\/996"}],"collection":[{"href":"https:\/\/redalforja.org.gt\/mediateca\/wp-json\/wp\/v2\/pages"}],"about":[{"href":"https:\/\/redalforja.org.gt\/mediateca\/wp-json\/wp\/v2\/types\/page"}],"author":[{"embeddable":true,"href":"https:\/\/redalforja.org.gt\/mediateca\/wp-json\/wp\/v2\/users\/3"}],"replies":[{"embeddable":true,"href":"https:\/\/redalforja.org.gt\/mediateca\/wp-json\/wp\/v2\/comments?post=996"}],"version-history":[{"count":26,"href":"https:\/\/redalforja.org.gt\/mediateca\/wp-json\/wp\/v2\/pages\/996\/revisions"}],"predecessor-version":[{"id":1279,"href":"https:\/\/redalforja.org.gt\/mediateca\/wp-json\/wp\/v2\/pages\/996\/revisions\/1279"}],"wp:attachment":[{"href":"https:\/\/redalforja.org.gt\/mediateca\/wp-json\/wp\/v2\/media?parent=996"}],"curies":[{"name":"wp","href":"https:\/\/api.w.org\/{rel}","templated":true}]}}