{"id":144,"date":"2017-11-17T15:39:24","date_gmt":"2017-11-17T15:39:24","guid":{"rendered":"https:\/\/redalforja.org.gt\/mediateca\/?page_id=144"},"modified":"2020-10-01T03:57:29","modified_gmt":"2020-10-01T03:57:29","slug":"para-recibir-notificaciones","status":"publish","type":"page","link":"https:\/\/redalforja.org.gt\/mediateca\/para-recibir-notificaciones\/","title":{"rendered":"Para recibir avisos de nuevo material"},"content":{"rendered":"<p><code id=\"es-shortcode\"><div class=\"emaillist\" id=\"es_form_f2-n1\"><form action=\"\/mediateca\/wp-json\/wp\/v2\/pages\/144#es_form_f2-n1\" method=\"post\" class=\"es_subscription_form es_shortcode_form  es_ajax_subscription_form\" id=\"es_subscription_form_69f16b4ea0d58\" data-source=\"ig-es\" data-form-id=\"2\"><div class=\"es_caption\">A trav\u00e9s de este formulario puedes suscribirte para recibir las actualizaciones y publicaciones de la mediateca en tu correo electr\u00f3nico<\/div><div class=\"es-field-wrap\"><label>Nombre*<br \/><input type=\"text\" name=\"esfpx_name\" class=\"ig_es_form_field_name\" placeholder=\"Nombre\" value=\"\" required=\"required\" \/><\/label><\/div><div class=\"es-field-wrap ig-es-form-field\"><label class=\"es-field-label\">Correo electr\u00f3nico*<br \/><input class=\"es_required_field es_txt_email ig_es_form_field_email ig-es-form-input\" type=\"email\" name=\"esfpx_email\" value=\"\" placeholder=\"Correo electr\u00f3nico\" required=\"required\" \/><\/label><\/div><input type=\"hidden\" name=\"esfpx_lists[]\" value=\"9ba525a5c982\" \/><input type=\"hidden\" name=\"esfpx_form_id\" value=\"2\" \/><input type=\"hidden\" name=\"es\" value=\"subscribe\" \/>\n\t\t\t<input type=\"hidden\" name=\"esfpx_es_form_identifier\" value=\"f2-n1\" \/>\n\t\t\t<input type=\"hidden\" name=\"esfpx_es_email_page\" value=\"144\" \/>\n\t\t\t<input type=\"hidden\" name=\"esfpx_es_email_page_url\" value=\"https:\/\/redalforja.org.gt\/mediateca\/para-recibir-notificaciones\/\" \/>\n\t\t\t<input type=\"hidden\" name=\"esfpx_status\" value=\"Unconfirmed\" \/>\n\t\t\t<input type=\"hidden\" name=\"esfpx_es-subscribe\" id=\"es-subscribe-69f16b4ea0d58\" value=\"7cfa6b8a54\" \/>\n\t\t\t<label style=\"position:absolute;top:-99999px;left:-99999px;z-index:-99;\" aria-hidden=\"true\"><span hidden>Por favor, deja este campo vac\u00edo.<\/span><input type=\"email\" name=\"esfpx_es_hp_email\" class=\"es_required_field\" tabindex=\"-1\" autocomplete=\"-1\" value=\"\" \/><\/label><label style=\"display: inline\"><input type=\"checkbox\" name=\"es_gdpr_consent\" value=\"true\" required=\"required\" \/>&nbsp;Por favor, acepta los t\u00e9rminos y condiciones.\r\nRecibir\u00e1s una notificaci\u00f3n cuando tengamos alguna publicaci\u00f3n o material nuevo en nuestra mediateca.\r\npodr\u00e1s dar de baja la suscripci\u00f3n cuando lo decidas mandando un correo a patoesquivel@gmail.com con el t\u00edtulo \"dar de baja en la mediateca de la Red Alforja\"<\/label><br \/><input type=\"submit\" name=\"submit\" class=\"es_subscription_form_submit es_submit_button es_textbox_button\" id=\"es_subscription_form_submit_69f16b4ea0d58\" value=\"Suscribirse\" \/><span class=\"es_spinner_image\" id=\"spinner-image\"><img src=\"https:\/\/redalforja.org.gt\/mediateca\/wp-content\/plugins\/email-subscribers\/lite\/public\/images\/spinner.gif\" alt=\"Loading\" \/><\/span><\/form><span class=\"es_subscription_message \" id=\"es_subscription_message_69f16b4ea0d58\" role=\"alert\"><\/span><\/div><\/code><\/p>\n","protected":false},"excerpt":{"rendered":"","protected":false},"author":3,"featured_media":0,"parent":0,"menu_order":0,"comment_status":"closed","ping_status":"closed","template":"","meta":[],"post_mailing_queue_ids":[],"_links":{"self":[{"href":"https:\/\/redalforja.org.gt\/mediateca\/wp-json\/wp\/v2\/pages\/144"}],"collection":[{"href":"https:\/\/redalforja.org.gt\/mediateca\/wp-json\/wp\/v2\/pages"}],"about":[{"href":"https:\/\/redalforja.org.gt\/mediateca\/wp-json\/wp\/v2\/types\/page"}],"author":[{"embeddable":true,"href":"https:\/\/redalforja.org.gt\/mediateca\/wp-json\/wp\/v2\/users\/3"}],"replies":[{"embeddable":true,"href":"https:\/\/redalforja.org.gt\/mediateca\/wp-json\/wp\/v2\/comments?post=144"}],"version-history":[{"count":5,"href":"https:\/\/redalforja.org.gt\/mediateca\/wp-json\/wp\/v2\/pages\/144\/revisions"}],"predecessor-version":[{"id":817,"href":"https:\/\/redalforja.org.gt\/mediateca\/wp-json\/wp\/v2\/pages\/144\/revisions\/817"}],"wp:attachment":[{"href":"https:\/\/redalforja.org.gt\/mediateca\/wp-json\/wp\/v2\/media?parent=144"}],"curies":[{"name":"wp","href":"https:\/\/api.w.org\/{rel}","templated":true}]}}