{"id":1066,"date":"2022-02-09T06:43:27","date_gmt":"2022-02-09T06:43:27","guid":{"rendered":"https:\/\/redalforja.org.gt\/mediateca\/?page_id=1066"},"modified":"2022-02-09T06:53:40","modified_gmt":"2022-02-09T06:53:40","slug":"tecnicas-pedagogicas","status":"publish","type":"page","link":"https:\/\/redalforja.org.gt\/mediateca\/tecnicas-pedagogicas\/","title":{"rendered":"T\u00e9cnicas pedag\u00f3gicas"},"content":{"rendered":"\n<ol><li><a rel=\"noreferrer noopener\" aria-label=\"Quien toma las decisiones (abre en una nueva pesta\u00f1a)\" href=\"https:\/\/red-alforja.itch.io\/quientomalasdecisiones\" target=\"_blank\">Quien toma las decisiones<\/a><\/li><li><a rel=\"noreferrer noopener\" aria-label=\"Quien toma las decisiones\u2028Mapa de la viruela (abre en una nueva pesta\u00f1a)\" href=\"https:\/\/red-alforja.itch.io\/mapadelaviruela\" target=\"_blank\">Mapa de la viruela<\/a><br><\/li><li><a rel=\"noreferrer noopener\" aria-label=\"Quien toma las decisiones\u2028Mapa de la viruela\n\u2028El Mundo y sus caminos (proyecto pol\u00edtico) (abre en una nueva pesta\u00f1a)\" href=\"https:\/\/red-alforja.itch.io\/elmundoysuscaminos\" target=\"_blank\">El Mundo y sus caminos (proyecto pol\u00edtico)<\/a><br><\/li><li><a rel=\"noreferrer noopener\" aria-label=\"Quien toma las decisiones\u2028Mapa de la viruela\n\u2028El Mundo y sus caminos (proyecto pol\u00edtico)\n\u2028Juego de la hegemon\u00eda (abre en una nueva pesta\u00f1a)\" href=\"https:\/\/red-alforja.itch.io\/juegodelahegemonia\" target=\"_blank\">Juego de la hegemon\u00eda<\/a><br><\/li><li><a rel=\"noreferrer noopener\" aria-label=\"Quien toma las decisiones\u2028Mapa de la viruela\n\u2028El Mundo y sus caminos (proyecto pol\u00edtico)\n\u2028Juego de la hegemon\u00eda\n\u2028Cuadrante de las correlaciones (abre en una nueva pesta\u00f1a)\" href=\"https:\/\/red-alforja.itch.io\/cuadrantecorrelaciones\" target=\"_blank\">Cuadrante de las correlaciones<\/a><br><\/li><li><a rel=\"noreferrer noopener\" aria-label=\"Quien toma las decisiones\u2028Mapa de la viruela\n\u2028El Mundo y sus caminos (proyecto pol\u00edtico)\n\u2028Juego de la hegemon\u00eda\n\u2028Cuadrante de las correlaciones\n\u2028Carrera de obst\u00e1culos (estrategias) (abre en una nueva pesta\u00f1a)\" href=\"https:\/\/red-alforja.itch.io\/carreradeobstaculos\" target=\"_blank\">Carrera de obst\u00e1culos (estrategias)<\/a><br><\/li><li><a rel=\"noreferrer noopener\" aria-label=\"Quien toma las decisiones\u2028Mapa de la viruela\n\u2028El Mundo y sus caminos (proyecto pol\u00edtico)\n\u2028Juego de la hegemon\u00eda\n\u2028Cuadrante de las correlaciones\n\u2028Carrera de obst\u00e1culos (estrategias)\n\u2028Camino de la historia (abre en una nueva pesta\u00f1a)\" href=\"https:\/\/red-alforja.itch.io\/caminodelahistoria\" target=\"_blank\">Camino de la historia<\/a><br><\/li><li><a rel=\"noreferrer noopener\" aria-label=\"Quien toma las decisiones\u2028Mapa de la viruela\n\u2028El Mundo y sus caminos (proyecto pol\u00edtico)\n\u2028Juego de la hegemon\u00eda\n\u2028Cuadrante de las correlaciones\n\u2028Carrera de obst\u00e1culos (estrategias)\n\u2028Camino de la historia\n\u2028Pagina de SERJUS, donde est\u00e1n los juegos pedag\u00f3gicos (abre en una nueva pesta\u00f1a)\" href=\"http:\/\/www.serjus.org.gt\/juegos-pedagogicos\/\" target=\"_blank\">Pagina de SERJUS, donde est\u00e1n los juegos pedag\u00f3gicos<\/a><br><\/li><li><a rel=\"noreferrer noopener\" aria-label=\"Quien toma las decisiones\u2028Mapa de la viruela\n\u2028El Mundo y sus caminos (proyecto pol\u00edtico)\n\u2028Juego de la hegemon\u00eda\n\u2028Cuadrante de las correlaciones\n\u2028Carrera de obst\u00e1culos (estrategias)\n\u2028Camino de la historia\n\u2028Pagina de SERJUS, donde est\u00e1n los juegos pedag\u00f3gicos\n\u2028Unidad en la diversidad (abre en una nueva pesta\u00f1a)\" href=\"http:\/\/la piramide Social http:\/\/serjus.org.gt\/serjusdev\/Juegospedagogicos\/Piramide\/\" target=\"_blank\">Unidad en la diversidad<\/a><br><\/li><li><a rel=\"noreferrer noopener\" aria-label=\"Quien toma las decisiones\u2028Mapa de la viruela\n\u2028El Mundo y sus caminos (proyecto pol\u00edtico)\n\u2028Juego de la hegemon\u00eda\n\u2028Cuadrante de las correlaciones\n\u2028Carrera de obst\u00e1culos (estrategias)\n\u2028Camino de la historia\n\u2028Pagina de SERJUS, donde est\u00e1n los juegos pedag\u00f3gicos\n\u2028Unidad en la diversidad\n\u2028El \u00c1rbol Social (abre en una nueva pesta\u00f1a)\" href=\"http:\/\/serjus.org.gt\/serjusdev\/Juegospedagogicos\/ArbolSocial\/\" target=\"_blank\">El \u00c1rbol Social<\/a><br><\/li><li><a href=\"http:\/\/serjus.org.gt\/serjusdev\/Juegospedagogicos\/DerechosdelasMujeres\/\" target=\"_blank\" rel=\"noreferrer noopener\" aria-label=\"Quien toma las decisiones\u2028Mapa de la viruela\n\u2028El Mundo y sus caminos (proyecto pol\u00edtico)\n\u2028Juego de la hegemon\u00eda\n\u2028Cuadrante de las correlaciones\n\u2028Carrera de obst\u00e1culos (estrategias)\n\u2028Camino de la historia\n\u2028Pagina de SERJUS, donde est\u00e1n los juegos pedag\u00f3gicos\n\u2028Unidad en la diversidad\n\u2028El \u00c1rbol Social\n\u2028Derechos de las mujeres (abre en una nueva pesta\u00f1a)\">Derechos de las mujeres<\/a><\/li><\/ol>\n\n\n\n<p><\/p>\n","protected":false},"excerpt":{"rendered":"<p>Quien toma las decisiones Mapa de la viruela El Mundo y sus caminos (proyecto pol\u00edtico) Juego de la hegemon\u00eda Cuadrante de las correlaciones Carrera de obst\u00e1culos (estrategias) Camino de la&#8230; <a href=\"https:\/\/redalforja.org.gt\/mediateca\/tecnicas-pedagogicas\/\">Leer m\u00e1s &raquo;<\/a><\/p>\n","protected":false},"author":3,"featured_media":0,"parent":0,"menu_order":0,"comment_status":"closed","ping_status":"closed","template":"","meta":[],"post_mailing_queue_ids":[],"_links":{"self":[{"href":"https:\/\/redalforja.org.gt\/mediateca\/wp-json\/wp\/v2\/pages\/1066"}],"collection":[{"href":"https:\/\/redalforja.org.gt\/mediateca\/wp-json\/wp\/v2\/pages"}],"about":[{"href":"https:\/\/redalforja.org.gt\/mediateca\/wp-json\/wp\/v2\/types\/page"}],"author":[{"embeddable":true,"href":"https:\/\/redalforja.org.gt\/mediateca\/wp-json\/wp\/v2\/users\/3"}],"replies":[{"embeddable":true,"href":"https:\/\/redalforja.org.gt\/mediateca\/wp-json\/wp\/v2\/comments?post=1066"}],"version-history":[{"count":2,"href":"https:\/\/redalforja.org.gt\/mediateca\/wp-json\/wp\/v2\/pages\/1066\/revisions"}],"predecessor-version":[{"id":1071,"href":"https:\/\/redalforja.org.gt\/mediateca\/wp-json\/wp\/v2\/pages\/1066\/revisions\/1071"}],"wp:attachment":[{"href":"https:\/\/redalforja.org.gt\/mediateca\/wp-json\/wp\/v2\/media?parent=1066"}],"curies":[{"name":"wp","href":"https:\/\/api.w.org\/{rel}","templated":true}]}}