{"id":1056,"date":"2022-02-09T06:21:12","date_gmt":"2022-02-09T06:21:12","guid":{"rendered":"https:\/\/redalforja.org.gt\/mediateca\/?page_id=1056"},"modified":"2022-02-09T06:32:32","modified_gmt":"2022-02-09T06:32:32","slug":"peliculas","status":"publish","type":"page","link":"https:\/\/redalforja.org.gt\/mediateca\/peliculas\/","title":{"rendered":"Pel\u00edculas"},"content":{"rendered":"\n<ol><li><a rel=\"noreferrer noopener\" aria-label=\"Pel\u00edcula: La educaci\u00f3n prohibida, pel\u00edcula completa HD (abre en una nueva pesta\u00f1a)\" href=\"https:\/\/www.youtube.com\/watch?v=-1Y9OqSJKCc&amp;t=243s\" target=\"_blank\">Pel\u00edcula: La educaci\u00f3n prohibida, pel\u00edcula completa HD<\/a><\/li><li><a rel=\"noreferrer noopener\" aria-label=\"Pel\u00edcula: La educaci\u00f3n prohibida, pel\u00edcula completa HD\u2028Documental, un crimen llamado educacion, dirigido por Jurgen Clarik (abre en una nueva pesta\u00f1a)\" href=\"https:\/\/www.youtube.com\/watch?v=7fERX0OXAIY&amp;t=79s\" target=\"_blank\">Documental, un crimen llamado educacion, dirigido por Jurgen Clarik<\/a><br><\/li><li><a rel=\"noreferrer noopener\" aria-label=\"Pel\u00edcula: La educaci\u00f3n prohibida, pel\u00edcula completa HD\u2028Documental, un crimen llamado educacion, dirigido por Jurgen Clarik\n\u2028Pel\u00edcula, la educaci\u00f3n en movimiento, una pel\u00edcula documental de Malena Noguer y Mart\u00edn Ferrari, Argentina 2018 (abre en una nueva pesta\u00f1a)\" href=\"https:\/\/www.youtube.com\/watch?v=FNsIi3lazhg&amp;t=1142s\" target=\"_blank\">Pel\u00edcula, la educaci\u00f3n en movimiento, una pel\u00edcula documental de Malena Noguer y Mart\u00edn Ferrari, Argentina 2018<\/a><br><\/li><li><a rel=\"noreferrer noopener\" aria-label=\"Pel\u00edcula: La educaci\u00f3n prohibida, pel\u00edcula completa HD\u2028Documental, un crimen llamado educacion, dirigido por Jurgen Clarik\n\u2028Pel\u00edcula, la educaci\u00f3n en movimiento, una pel\u00edcula documental de Malena Noguer y Mart\u00edn Ferrari, Argentina 2018\n\u2028Documental: Educaci\u00f3n popular como pedagog\u00eda emergente (Bachillerato popular) (abre en una nueva pesta\u00f1a)\" href=\"https:\/\/www.youtube.com\/watch?v=i5cy9Q9KL4s\" target=\"_blank\">Documental: Educaci\u00f3n popular como pedagog\u00eda emergente (Bachillerato popular)<\/a><br><\/li><li><a rel=\"noreferrer noopener\" aria-label=\"Pel\u00edcula: La educaci\u00f3n prohibida, pel\u00edcula completa HD\u2028Documental, un crimen llamado educacion, dirigido por Jurgen Clarik\n\u2028Pel\u00edcula, la educaci\u00f3n en movimiento, una pel\u00edcula documental de Malena Noguer y Mart\u00edn Ferrari, Argentina 2018\n\u2028Documental: Educaci\u00f3n popular como pedagog\u00eda emergente (Bachillerato popular)\n\u2028La otra educaci\u00f3n, 2016 (abre en una nueva pesta\u00f1a)\" href=\"https:\/\/www.youtube.com\/watch?v=04P7lQsgQIs\" target=\"_blank\">La otra educaci\u00f3n, 2016<\/a><br><\/li><li><a rel=\"noreferrer noopener\" aria-label=\"Pel\u00edcula: La educaci\u00f3n prohibida, pel\u00edcula completa HD\u2028Documental, un crimen llamado educacion, dirigido por Jurgen Clarik\n\u2028Pel\u00edcula, la educaci\u00f3n en movimiento, una pel\u00edcula documental de Malena Noguer y Mart\u00edn Ferrari, Argentina 2018\n\u2028Documental: Educaci\u00f3n popular como pedagog\u00eda emergente (Bachillerato popular)\n\u2028La otra educaci\u00f3n, 2016\n\u2028Detr\u00e1s de la pizarra, 2015 (abre en una nueva pesta\u00f1a)\" href=\"https:\/\/www.youtube.com\/watch?v=i5cy9Q9KL4s\" target=\"_blank\">Detr\u00e1s de la pizarra, 2015<\/a><br><\/li><li><a rel=\"noreferrer noopener\" aria-label=\"Pel\u00edcula: La educaci\u00f3n prohibida, pel\u00edcula completa HD\u2028Documental, un crimen llamado educacion, dirigido por Jurgen Clarik\n\u2028Pel\u00edcula, la educaci\u00f3n en movimiento, una pel\u00edcula documental de Malena Noguer y Mart\u00edn Ferrari, Argentina 2018\n\u2028Documental: Educaci\u00f3n popular como pedagog\u00eda emergente (Bachillerato popular)\n\u2028La otra educaci\u00f3n, 2016\n\u2028Detr\u00e1s de la pizarra, 2015\n\u2028Entre maestros, la mejor pel\u00edcula sobre c\u00f3mo cambiar la educaci\u00f3n desde el aula de clase (abre en una nueva pesta\u00f1a)\" href=\"https:\/\/www.youtube.com\/watch?v=8VuuZ5BI8KA\" target=\"_blank\">Entre maestros, la mejor pel\u00edcula sobre c\u00f3mo cambiar la educaci\u00f3n desde el aula de clase<\/a><br><\/li><li><a rel=\"noreferrer noopener\" aria-label=\"Pel\u00edcula: La educaci\u00f3n prohibida, pel\u00edcula completa HD\u2028Documental, un crimen llamado educacion, dirigido por Jurgen Clarik\n\u2028Pel\u00edcula, la educaci\u00f3n en movimiento, una pel\u00edcula documental de Malena Noguer y Mart\u00edn Ferrari, Argentina 2018\n\u2028Documental: Educaci\u00f3n popular como pedagog\u00eda emergente (Bachillerato popular)\n\u2028La otra educaci\u00f3n, 2016\n\u2028Detr\u00e1s de la pizarra, 2015\n\u2028Entre maestros, la mejor pel\u00edcula sobre c\u00f3mo cambiar la educaci\u00f3n desde el aula de clase\n\u2028Un documental sobre educaci\u00f3n popular, Argentina 2016 (abre en una nueva pesta\u00f1a)\" href=\"https:\/\/www.youtube.com\/watch?v=TUGSXV2YwTk&amp;t=16s\" target=\"_blank\">Un documental sobre educaci\u00f3n popular, Argentina 2016<\/a><br><\/li><li><a rel=\"noreferrer noopener\" aria-label=\"Pel\u00edcula: La educaci\u00f3n prohibida, pel\u00edcula completa HD\u2028Documental, un crimen llamado educacion, dirigido por Jurgen Clarik\n\u2028Pel\u00edcula, la educaci\u00f3n en movimiento, una pel\u00edcula documental de Malena Noguer y Mart\u00edn Ferrari, Argentina 2018\n\u2028Documental: Educaci\u00f3n popular como pedagog\u00eda emergente (Bachillerato popular)\n\u2028La otra educaci\u00f3n, 2016\n\u2028Detr\u00e1s de la pizarra, 2015\n\u2028Entre maestros, la mejor pel\u00edcula sobre c\u00f3mo cambiar la educaci\u00f3n desde el aula de clase\n\u2028Un documental sobre educaci\u00f3n popular, Argentina 2016\n\u2028Colectivo Recicl\u00f3n: Educaci\u00f3n Popular, Televisi\u00f3n Pueblerina, MdP, Argentina. (abre en una nueva pesta\u00f1a)\" href=\"https:\/\/www.youtube.com\/watch?v=Nma8oR9Cqa0\" target=\"_blank\">Colectivo Recicl\u00f3n: Educaci\u00f3n Popular, Televisi\u00f3n Pueblerina, MdP, Argentina.<\/a><br><\/li><li><a rel=\"noreferrer noopener\" aria-label=\"Pel\u00edcula: La educaci\u00f3n prohibida, pel\u00edcula completa HD\u2028Documental, un crimen llamado educacion, dirigido por Jurgen Clarik\n\u2028Pel\u00edcula, la educaci\u00f3n en movimiento, una pel\u00edcula documental de Malena Noguer y Mart\u00edn Ferrari, Argentina 2018\n\u2028Documental: Educaci\u00f3n popular como pedagog\u00eda emergente (Bachillerato popular)\n\u2028La otra educaci\u00f3n, 2016\n\u2028Detr\u00e1s de la pizarra, 2015\n\u2028Entre maestros, la mejor pel\u00edcula sobre c\u00f3mo cambiar la educaci\u00f3n desde el aula de clase\n\u2028Un documental sobre educaci\u00f3n popular, Argentina 2016\n\u2028Colectivo Recicl\u00f3n: Educaci\u00f3n Popular, Televisi\u00f3n Pueblerina, MdP, Argentina.\n\u2028El Rond\u00f3n: Educaci\u00f3n Popular en Mar de Plata, Televisi\u00f3n Pueblerina, Argentina. (abre en una nueva pesta\u00f1a)\" href=\"https:\/\/www.youtube.com\/watch?v=zGgkjOudYH0\" target=\"_blank\">El Rond\u00f3n: Educaci\u00f3n Popular en Mar de Plata, Televisi\u00f3n Pueblerina, Argentina.<\/a><br><\/li><li><a href=\"https:\/\/www.youtube.com\/watch?v=AgkxyORFgTM\" target=\"_blank\" rel=\"noreferrer noopener\" aria-label=\"Pel\u00edcula: La educaci\u00f3n prohibida, pel\u00edcula completa HD\u2028Documental, un crimen llamado educacion, dirigido por Jurgen Clarik\n\u2028Pel\u00edcula, la educaci\u00f3n en movimiento, una pel\u00edcula documental de Malena Noguer y Mart\u00edn Ferrari, Argentina 2018\n\u2028Documental: Educaci\u00f3n popular como pedagog\u00eda emergente (Bachillerato popular)\n\u2028La otra educaci\u00f3n, 2016\n\u2028Detr\u00e1s de la pizarra, 2015\n\u2028Entre maestros, la mejor pel\u00edcula sobre c\u00f3mo cambiar la educaci\u00f3n desde el aula de clase\n\u2028Un documental sobre educaci\u00f3n popular, Argentina 2016\n\u2028Colectivo Recicl\u00f3n: Educaci\u00f3n Popular, Televisi\u00f3n Pueblerina, MdP, Argentina.\n\u2028El Rond\u00f3n: Educaci\u00f3n Popular en Mar de Plata, Televisi\u00f3n Pueblerina, Argentina.\n\u2028La murga una experiencia de educaci\u00f3n popular, Universidad Nacional entre Rios, Canal 20. (abre en una nueva pesta\u00f1a)\">La murga una experiencia de educaci\u00f3n popular, Universidad Nacional entre Rios, Canal 20.<\/a><\/li><\/ol>\n\n\n\n<p><\/p>\n","protected":false},"excerpt":{"rendered":"<p>Pel\u00edcula: La educaci\u00f3n prohibida, pel\u00edcula completa HD Documental, un crimen llamado educacion, dirigido por Jurgen Clarik Pel\u00edcula, la educaci\u00f3n en movimiento, una pel\u00edcula documental de Malena Noguer y Mart\u00edn Ferrari,&#8230; <a href=\"https:\/\/redalforja.org.gt\/mediateca\/peliculas\/\">Leer m\u00e1s &raquo;<\/a><\/p>\n","protected":false},"author":3,"featured_media":0,"parent":0,"menu_order":0,"comment_status":"closed","ping_status":"closed","template":"","meta":[],"post_mailing_queue_ids":[],"_links":{"self":[{"href":"https:\/\/redalforja.org.gt\/mediateca\/wp-json\/wp\/v2\/pages\/1056"}],"collection":[{"href":"https:\/\/redalforja.org.gt\/mediateca\/wp-json\/wp\/v2\/pages"}],"about":[{"href":"https:\/\/redalforja.org.gt\/mediateca\/wp-json\/wp\/v2\/types\/page"}],"author":[{"embeddable":true,"href":"https:\/\/redalforja.org.gt\/mediateca\/wp-json\/wp\/v2\/users\/3"}],"replies":[{"embeddable":true,"href":"https:\/\/redalforja.org.gt\/mediateca\/wp-json\/wp\/v2\/comments?post=1056"}],"version-history":[{"count":3,"href":"https:\/\/redalforja.org.gt\/mediateca\/wp-json\/wp\/v2\/pages\/1056\/revisions"}],"predecessor-version":[{"id":1062,"href":"https:\/\/redalforja.org.gt\/mediateca\/wp-json\/wp\/v2\/pages\/1056\/revisions\/1062"}],"wp:attachment":[{"href":"https:\/\/redalforja.org.gt\/mediateca\/wp-json\/wp\/v2\/media?parent=1056"}],"curies":[{"name":"wp","href":"https:\/\/api.w.org\/{rel}","templated":true}]}}