{"id":1001,"date":"2022-02-08T18:07:09","date_gmt":"2022-02-08T18:07:09","guid":{"rendered":"https:\/\/redalforja.org.gt\/mediateca\/?page_id=1001"},"modified":"2022-02-09T04:49:15","modified_gmt":"2022-02-09T04:49:15","slug":"material-texto","status":"publish","type":"page","link":"https:\/\/redalforja.org.gt\/mediateca\/material-texto\/","title":{"rendered":"Material texto"},"content":{"rendered":"\n<p><a rel=\"noreferrer noopener\" aria-label=\"Diez libros de Pablo Freire (abre en una nueva pesta\u00f1a)\" href=\"http:\/\/otrasvoceseneducacion.org\/archivos\/296221\" target=\"_blank\">1)Diez libros de Pablo Freire<\/a><\/p>\n\n\n\n<p><a rel=\"noreferrer noopener\" aria-label=\"libros para descargar gratis en PDF sobre formaci\u00f3n de la conciencia cr\u00edtica (abre en una nueva pesta\u00f1a)\" href=\"https:\/\/descargarlibrosenpdf.wordpress.com\/\" target=\"_blank\">2) libros para descargar gratis en PDF sobre formaci\u00f3n de la conciencia cr\u00edtica<\/a><\/p>\n\n\n\n<p><a rel=\"noreferrer noopener\" aria-label=\"Las obras completas de Marx y Engels (abre en una nueva pesta\u00f1a)\" href=\"https:\/\/www.marxists.org\/espanol\/m-e\/index.htm\" target=\"_blank\">3) Las obras completas de Marx y Engels<\/a><\/p>\n\n\n\n<p><a rel=\"noreferrer noopener\" aria-label=\"29 libros de Enrique Dussel en PDF gratis (abre en una nueva pesta\u00f1a)\" href=\"https:\/\/www.enriquedussel.com\/libros.html\" target=\"_blank\">4) 29 libros de Enrique Dussel en PDF gratis<\/a><\/p>\n\n\n\n<p><a rel=\"noreferrer noopener\" aria-label=\"97 libros de Marta Harnecker en PDF gratis y 8 videos de sus conferencias para formaci\u00f3n pol\u00edtica en grupos y comunidades (abre en una nueva pesta\u00f1a)\" href=\"http:\/\/piensachile.com\/2019\/06\/97-libros-de-marta-harnecker-para-bajar-gratuitamente\/\" target=\"_blank\">5) 97 libros de Marta Harnecker en PDF gratis y 8 videos de sus conferencias para formaci\u00f3n pol\u00edtica en grupos y comunidades<\/a><\/p>\n\n\n\n<p><a rel=\"noreferrer noopener\" aria-label=\"Contiene las obras completas del pensador y educador Jos\u00e9 Carlos Mari\u00e1tegui (abre en una nueva pesta\u00f1a)\" href=\"https:\/\/elahp.com.br\/jose-carlos-mariategui-obras-completas\/\" target=\"_blank\">6) Las obras completas del pensador y educador Jos\u00e9 Carlos Mari\u00e1tegui<\/a><\/p>\n\n\n\n<p><a rel=\"noreferrer noopener\" aria-label=\"9 libros de la poetiza y educadora Gabriela Mistral (abre en una nueva pesta\u00f1a)\" href=\"https:\/\/www.biobiochile.cl\/noticias\/2015\/04\/07\/descarga-gratis-y-legalmente-los-libros-de-gabriela-mistral.shtml\" target=\"_blank\">7) 9 libros de la poetiza y educadora Gabriela Mistral<\/a><\/p>\n\n\n\n<p><a rel=\"noreferrer noopener\" aria-label=\"Las obras completas del educador Sim\u00f3n Rodr\u00edguez (abre en una nueva pesta\u00f1a)\" href=\"http:\/\/biblioteca.clacso.edu.ar\/clacso\/se\/20190926042843\/Simon_Rodriguez_Obras_Completas.pdf\" target=\"_blank\">8) Las obras completas del educador Sim\u00f3n Rodr\u00edguez<\/a><\/p>\n\n\n\n<p><a rel=\"noreferrer noopener\" aria-label=\"Las obras completas (25 vol\u00famenes) del educador Jos\u00e9 Mart\u00ed (abre en una nueva pesta\u00f1a)\" href=\"http:\/\/bibliotecavirtual.clacso.org.ar\/ar\/libros\/marti\/marti.html\" target=\"_blank\">9) Las obras completas (25 vol\u00famenes) del educador Jos\u00e9 Mart\u00ed<\/a><\/p>\n\n\n\n<p><a rel=\"noreferrer noopener\" aria-label=\"Bibliotecas con acceso a libros de pensadores cr\u00edticos latinoamericanos en pdf (CLACSO) (abre en una nueva pesta\u00f1a)\" href=\"https:\/\/clacso.org.ar\/libreria-latinoamericana\/pais_autor_libro_resultado.php?campo=autor&amp;texto=386&amp;pais=4\" target=\"_blank\">10) Bibliotecas con acceso a libros de pensadores cr\u00edticos latinoamericanos en PDF (CLACSO)<\/a><\/p>\n\n\n\n<p><a rel=\"noreferrer noopener\" aria-label=\"La obra de Moacri Gadotti: Perspectivas actuales de la educaci\u00f3n\u00a0 (abre en una nueva pesta\u00f1a)\" href=\"http:\/\/otrasvoceseneducacion.org\/wp-content\/uploads\/2018\/06\/Perspectivas-actuales-de-la-educacion-MOACIR-GADOTTI.pdf\" target=\"_blank\">11) La obra de Moacri Gadotti: Perspectivas actuales de la educaci\u00f3n\u00a0<\/a><\/p>\n\n\n\n<p><a rel=\"noreferrer noopener\" aria-label=\"La obra de Moacri Gadotti: Pablo Freire, contribuciones para la pedagog\u00eda  (abre en una nueva pesta\u00f1a)\" href=\"http:\/\/biblioteca.clacso.edu.ar\/gsdl\/collect\/clacso\/index\/assoc\/D1599.dir\/gomez.pdf\" target=\"_blank\">12) La obra de Moacri Gadotti: Pablo Freire, contribuciones para la pedagog\u00eda.<\/a><\/p>\n\n\n\n<p><a rel=\"noreferrer noopener\" aria-label=\"52 libros gratis sobre pedagog\u00eda, el eterno estudiante (abre en una nueva pesta\u00f1a)\" href=\"https:\/\/eleternoestudiante.com\/pedagogia-libros-pdf-gratis\/\" target=\"_blank\">13) 52 libros gratis sobre pedagog\u00eda, el eterno estudiante<\/a><\/p>\n\n\n\n<p><a rel=\"noreferrer noopener\" aria-label=\"La obra de Moacri, hisotira de la ideas pedag\u00f3gicas (abre en una nueva pesta\u00f1a)\" href=\"https:\/\/josedominguezblog.files.wordpress.com\/2015\/06\/gadotti-moacir-historia-de-las-ideas-pedagogicas-1.pdf\" target=\"_blank\">14) La obra de Moacri, hisotira de la ideas pedag\u00f3gicas<\/a><\/p>\n\n\n\n<p><a rel=\"noreferrer noopener\" aria-label=\"Historia de la pedagog\u00eda de Abagnano, N. y Visalbergi (abre en una nueva pesta\u00f1a)\" href=\"http:\/\/soda.ustadistancia.edu.co\/enlinea\/SandroMunevar_Recursos_didacticos\/Abbagnano-Historia-de-La-Pedagogia.pdf\" target=\"_blank\">15) Historia de la pedagog\u00eda de Abagnano, N. y Visalbergi<\/a><\/p>\n\n\n\n<p> <\/p>\n\n\n\n<p><\/p>\n\n\n\n<p><\/p>\n\n\n\n<p><\/p>\n\n\n\n<p><\/p>\n","protected":false},"excerpt":{"rendered":"<p>1)Diez libros de Pablo Freire 2) libros para descargar gratis en PDF sobre formaci\u00f3n de la conciencia cr\u00edtica 3) Las obras completas de Marx y Engels 4) 29 libros de&#8230; <a href=\"https:\/\/redalforja.org.gt\/mediateca\/material-texto\/\">Leer m\u00e1s &raquo;<\/a><\/p>\n","protected":false},"author":3,"featured_media":0,"parent":0,"menu_order":0,"comment_status":"closed","ping_status":"closed","template":"","meta":[],"post_mailing_queue_ids":[],"_links":{"self":[{"href":"https:\/\/redalforja.org.gt\/mediateca\/wp-json\/wp\/v2\/pages\/1001"}],"collection":[{"href":"https:\/\/redalforja.org.gt\/mediateca\/wp-json\/wp\/v2\/pages"}],"about":[{"href":"https:\/\/redalforja.org.gt\/mediateca\/wp-json\/wp\/v2\/types\/page"}],"author":[{"embeddable":true,"href":"https:\/\/redalforja.org.gt\/mediateca\/wp-json\/wp\/v2\/users\/3"}],"replies":[{"embeddable":true,"href":"https:\/\/redalforja.org.gt\/mediateca\/wp-json\/wp\/v2\/comments?post=1001"}],"version-history":[{"count":5,"href":"https:\/\/redalforja.org.gt\/mediateca\/wp-json\/wp\/v2\/pages\/1001\/revisions"}],"predecessor-version":[{"id":1039,"href":"https:\/\/redalforja.org.gt\/mediateca\/wp-json\/wp\/v2\/pages\/1001\/revisions\/1039"}],"wp:attachment":[{"href":"https:\/\/redalforja.org.gt\/mediateca\/wp-json\/wp\/v2\/media?parent=1001"}],"curies":[{"name":"wp","href":"https:\/\/api.w.org\/{rel}","templated":true}]}}